{"id":11,"date":"2022-12-16T09:39:11","date_gmt":"2022-12-16T09:39:11","guid":{"rendered":"https:\/\/clownpirate.infiniteconnection.fyi\/?page_id=11"},"modified":"2022-12-16T14:45:38","modified_gmt":"2022-12-16T14:45:38","slug":"heloo","status":"publish","type":"page","link":"https:\/\/clownespirates.infiniteconnection.fyi\/?page_id=11","title":{"rendered":"Contact"},"content":{"rendered":"\n<p>tu veux faire jouer ton clown ici n&#8217;h\u00e9site pas \u00e0 \u00e9crire \u00e0 cette adresse, nous prendrons tr\u00e8s prochainement contact avec toi pour \u00e9changer sur comment fonctionne le groupe.<\/p>\n\n\n\n<p>Adresse mail: clownespirates@gmail.com<\/p>\n","protected":false},"excerpt":{"rendered":"<p>tu veux faire jouer ton clown ici n&#8217;h\u00e9site pas \u00e0 \u00e9crire \u00e0 cette adresse, nous prendrons tr\u00e8s prochainement contact avec toi pour \u00e9changer sur comment fonctionne le groupe. Adresse mail: clownespirates@gmail.com<\/p>\n","protected":false},"author":1,"featured_media":0,"parent":0,"menu_order":0,"comment_status":"closed","ping_status":"closed","template":"","meta":[],"_links":{"self":[{"href":"https:\/\/clownespirates.infiniteconnection.fyi\/index.php?rest_route=\/wp\/v2\/pages\/11"}],"collection":[{"href":"https:\/\/clownespirates.infiniteconnection.fyi\/index.php?rest_route=\/wp\/v2\/pages"}],"about":[{"href":"https:\/\/clownespirates.infiniteconnection.fyi\/index.php?rest_route=\/wp\/v2\/types\/page"}],"author":[{"embeddable":true,"href":"https:\/\/clownespirates.infiniteconnection.fyi\/index.php?rest_route=\/wp\/v2\/users\/1"}],"replies":[{"embeddable":true,"href":"https:\/\/clownespirates.infiniteconnection.fyi\/index.php?rest_route=%2Fwp%2Fv2%2Fcomments&post=11"}],"version-history":[{"count":4,"href":"https:\/\/clownespirates.infiniteconnection.fyi\/index.php?rest_route=\/wp\/v2\/pages\/11\/revisions"}],"predecessor-version":[{"id":27,"href":"https:\/\/clownespirates.infiniteconnection.fyi\/index.php?rest_route=\/wp\/v2\/pages\/11\/revisions\/27"}],"wp:attachment":[{"href":"https:\/\/clownespirates.infiniteconnection.fyi\/index.php?rest_route=%2Fwp%2Fv2%2Fmedia&parent=11"}],"curies":[{"name":"wp","href":"https:\/\/api.w.org\/{rel}","templated":true}]}}